{"id":43,"date":"2017-12-17T10:06:43","date_gmt":"2017-12-17T10:06:43","guid":{"rendered":"https:\/\/marand.com.pe\/about\/"},"modified":"2020-10-04T00:14:15","modified_gmt":"2020-10-04T00:14:15","slug":"recetas","status":"publish","type":"page","link":"https:\/\/marand.com.pe\/en\/recetas\/","title":{"rendered":"Recipes"},"content":{"rendered":"<div data-elementor-type=\"wp-post\" data-elementor-id=\"43\" class=\"elementor elementor-43\" data-elementor-settings=\"[]\">\n\t\t\t\t\t\t<div class=\"elementor-inner\">\n\t\t\t\t\t\t\t<div class=\"elementor-section-wrap\">\n\t\t\t\t\t\t\t<section class=\"elementor-section elementor-top-section elementor-element elementor-element-b2d78be elementor-section-boxed elementor-section-height-default elementor-section-height-default\" data-id=\"b2d78be\" data-element_type=\"section\">\n\t\t\t\t\t\t<div class=\"elementor-container elementor-column-gap-default\">\n\t\t\t\t\t\t\t<div class=\"elementor-row\">\n\t\t\t\t\t<div class=\"elementor-column elementor-col-100 elementor-top-column elementor-element elementor-element-49a8a02\" data-id=\"49a8a02\" data-element_type=\"column\">\n\t\t\t<div class=\"elementor-column-wrap elementor-element-populated\">\n\t\t\t\t\t\t\t<div class=\"elementor-widget-wrap\">\n\t\t\t\t\t\t<div class=\"elementor-element elementor-element-39a72b8 elementor-widget elementor-widget-heading\" data-id=\"39a72b8\" data-element_type=\"widget\" data-widget_type=\"heading.default\">\n\t\t\t\t<div class=\"elementor-widget-container\">\n\t\t\t<h2 class=\"elementor-heading-title elementor-size-default\">Marand Recipes:<\/h2>\t\t<\/div>\n\t\t\t\t<\/div>\n\t\t\t\t\t\t<\/div>\n\t\t\t\t\t<\/div>\n\t\t<\/div>\n\t\t\t\t\t\t\t\t<\/div>\n\t\t\t\t\t<\/div>\n\t\t<\/section>\n\t\t\t\t<section class=\"elementor-section elementor-top-section elementor-element elementor-element-104eb45 elementor-section-boxed elementor-section-height-default elementor-section-height-default\" data-id=\"104eb45\" data-element_type=\"section\" data-settings=\"{&quot;background_background&quot;:&quot;classic&quot;}\">\n\t\t\t\t\t\t<div class=\"elementor-container elementor-column-gap-default\">\n\t\t\t\t\t\t\t<div class=\"elementor-row\">\n\t\t\t\t\t<div class=\"elementor-column elementor-col-100 elementor-top-column elementor-element elementor-element-a92b292\" data-id=\"a92b292\" data-element_type=\"column\">\n\t\t\t<div class=\"elementor-column-wrap elementor-element-populated\">\n\t\t\t\t\t\t\t<div class=\"elementor-widget-wrap\">\n\t\t\t\t\t\t<div class=\"elementor-element elementor-element-656720d elementor-invisible elementor-widget elementor-widget-shortcode\" data-id=\"656720d\" data-element_type=\"widget\" data-settings=\"{&quot;_animation&quot;:&quot;slideInDown&quot;}\" data-widget_type=\"shortcode.default\">\n\t\t\t\t<div class=\"elementor-widget-container\">\n\t\t\t\t\t<div class=\"elementor-shortcode\"><div class=\"woocommerce columns-3\"><\/div><\/div>\n\t\t\t\t<\/div>\n\t\t\t\t<\/div>\n\t\t\t\t\t\t<\/div>\n\t\t\t\t\t<\/div>\n\t\t<\/div>\n\t\t\t\t\t\t\t\t<\/div>\n\t\t\t\t\t<\/div>\n\t\t<\/section>\n\t\t\t\t<section class=\"elementor-section elementor-top-section elementor-element elementor-element-5b1ac5a elementor-section-boxed elementor-section-height-default elementor-section-height-default\" data-id=\"5b1ac5a\" data-element_type=\"section\">\n\t\t\t\t\t\t<div class=\"elementor-container elementor-column-gap-default\">\n\t\t\t\t\t\t\t<div class=\"elementor-row\">\n\t\t\t\t\t<div class=\"elementor-column elementor-col-25 elementor-top-column elementor-element elementor-element-40ba464\" data-id=\"40ba464\" data-element_type=\"column\">\n\t\t\t<div class=\"elementor-column-wrap elementor-element-populated\">\n\t\t\t\t\t\t\t<div class=\"elementor-widget-wrap\">\n\t\t\t\t\t\t<div class=\"elementor-element elementor-element-c66fc5e elementor-position-top elementor-vertical-align-top elementor-invisible elementor-widget elementor-widget-image-box\" data-id=\"c66fc5e\" data-element_type=\"widget\" data-settings=\"{&quot;_animation&quot;:&quot;fadeInDown&quot;}\" data-widget_type=\"image-box.default\">\n\t\t\t\t<div class=\"elementor-widget-container\">\n\t\t\t<div class=\"elementor-image-box-wrapper\"><figure class=\"elementor-image-box-img\"><a href=\"https:\/\/marand.com.pe\/en\/2020\/10\/01\/pudin\/\"><img width=\"2560\" height=\"2401\" src=\"https:\/\/marand.com.pe\/wp-content\/uploads\/2020\/09\/DSC04768-min-scaled.jpg\" class=\"elementor-animation-shrink attachment-full size-full\" alt=\"\" loading=\"lazy\" srcset=\"https:\/\/marand.com.pe\/wp-content\/uploads\/2020\/09\/DSC04768-min-scaled.jpg 2560w, https:\/\/marand.com.pe\/wp-content\/uploads\/2020\/09\/DSC04768-min-300x281.jpg 300w, https:\/\/marand.com.pe\/wp-content\/uploads\/2020\/09\/DSC04768-min-1024x960.jpg 1024w, https:\/\/marand.com.pe\/wp-content\/uploads\/2020\/09\/DSC04768-min-768x720.jpg 768w, https:\/\/marand.com.pe\/wp-content\/uploads\/2020\/09\/DSC04768-min-1536x1440.jpg 1536w, https:\/\/marand.com.pe\/wp-content\/uploads\/2020\/09\/DSC04768-min-2048x1921.jpg 2048w, https:\/\/marand.com.pe\/wp-content\/uploads\/2020\/09\/DSC04768-min-600x563.jpg 600w\" sizes=\"(max-width: 2560px) 100vw, 2560px\" \/><\/a><\/figure><div class=\"elementor-image-box-content\"><h4 class=\"elementor-image-box-title\"><a href=\"https:\/\/marand.com.pe\/en\/2020\/10\/01\/pudin\/\">Chia Pudding<\/a><\/h4><\/div><\/div>\t\t<\/div>\n\t\t\t\t<\/div>\n\t\t\t\t\t\t<\/div>\n\t\t\t\t\t<\/div>\n\t\t<\/div>\n\t\t\t\t<div class=\"elementor-column elementor-col-25 elementor-top-column elementor-element elementor-element-3e8b384\" data-id=\"3e8b384\" data-element_type=\"column\">\n\t\t\t<div class=\"elementor-column-wrap elementor-element-populated\">\n\t\t\t\t\t\t\t<div class=\"elementor-widget-wrap\">\n\t\t\t\t\t\t<div class=\"elementor-element elementor-element-5bcf996 elementor-position-top elementor-vertical-align-top elementor-invisible elementor-widget elementor-widget-image-box\" data-id=\"5bcf996\" data-element_type=\"widget\" data-settings=\"{&quot;_animation&quot;:&quot;fadeInDown&quot;}\" data-widget_type=\"image-box.default\">\n\t\t\t\t<div class=\"elementor-widget-container\">\n\t\t\t<div class=\"elementor-image-box-wrapper\"><figure class=\"elementor-image-box-img\"><a href=\"https:\/\/marand.com.pe\/en\/2020\/10\/01\/panqueques-de-quinua\/\"><img width=\"2397\" height=\"2560\" src=\"https:\/\/marand.com.pe\/wp-content\/uploads\/2020\/09\/DSC04705-min-scaled.jpg\" class=\"elementor-animation-shrink attachment-full size-full\" alt=\"\" loading=\"lazy\" srcset=\"https:\/\/marand.com.pe\/wp-content\/uploads\/2020\/09\/DSC04705-min-scaled.jpg 2397w, https:\/\/marand.com.pe\/wp-content\/uploads\/2020\/09\/DSC04705-min-281x300.jpg 281w, https:\/\/marand.com.pe\/wp-content\/uploads\/2020\/09\/DSC04705-min-959x1024.jpg 959w, https:\/\/marand.com.pe\/wp-content\/uploads\/2020\/09\/DSC04705-min-768x820.jpg 768w, https:\/\/marand.com.pe\/wp-content\/uploads\/2020\/09\/DSC04705-min-1438x1536.jpg 1438w, https:\/\/marand.com.pe\/wp-content\/uploads\/2020\/09\/DSC04705-min-1918x2048.jpg 1918w, https:\/\/marand.com.pe\/wp-content\/uploads\/2020\/09\/DSC04705-min-600x641.jpg 600w\" sizes=\"(max-width: 2397px) 100vw, 2397px\" \/><\/a><\/figure><div class=\"elementor-image-box-content\"><h4 class=\"elementor-image-box-title\"><a href=\"https:\/\/marand.com.pe\/en\/2020\/10\/01\/panqueques-de-quinua\/\">Quinoa Pancakes<\/a><\/h4><\/div><\/div>\t\t<\/div>\n\t\t\t\t<\/div>\n\t\t\t\t\t\t<\/div>\n\t\t\t\t\t<\/div>\n\t\t<\/div>\n\t\t\t\t<div class=\"elementor-column elementor-col-25 elementor-top-column elementor-element elementor-element-bf7f718\" data-id=\"bf7f718\" data-element_type=\"column\">\n\t\t\t<div class=\"elementor-column-wrap elementor-element-populated\">\n\t\t\t\t\t\t\t<div class=\"elementor-widget-wrap\">\n\t\t\t\t\t\t<div class=\"elementor-element elementor-element-b165182 elementor-position-top elementor-vertical-align-top elementor-invisible elementor-widget elementor-widget-image-box\" data-id=\"b165182\" data-element_type=\"widget\" data-settings=\"{&quot;_animation&quot;:&quot;fadeInDown&quot;}\" data-widget_type=\"image-box.default\">\n\t\t\t\t<div class=\"elementor-widget-container\">\n\t\t\t<div class=\"elementor-image-box-wrapper\"><figure class=\"elementor-image-box-img\"><a href=\"https:\/\/marand.com.pe\/en\/2020\/10\/01\/smoothie-de-platano-quinua-y-cacao\/\"><img width=\"2347\" height=\"2560\" src=\"https:\/\/marand.com.pe\/wp-content\/uploads\/2020\/09\/DSC04655-min-scaled.jpg\" class=\"elementor-animation-shrink attachment-full size-full\" alt=\"\" loading=\"lazy\" srcset=\"https:\/\/marand.com.pe\/wp-content\/uploads\/2020\/09\/DSC04655-min-scaled.jpg 2347w, https:\/\/marand.com.pe\/wp-content\/uploads\/2020\/09\/DSC04655-min-275x300.jpg 275w, https:\/\/marand.com.pe\/wp-content\/uploads\/2020\/09\/DSC04655-min-939x1024.jpg 939w, https:\/\/marand.com.pe\/wp-content\/uploads\/2020\/09\/DSC04655-min-768x838.jpg 768w, https:\/\/marand.com.pe\/wp-content\/uploads\/2020\/09\/DSC04655-min-1408x1536.jpg 1408w, https:\/\/marand.com.pe\/wp-content\/uploads\/2020\/09\/DSC04655-min-1878x2048.jpg 1878w, https:\/\/marand.com.pe\/wp-content\/uploads\/2020\/09\/DSC04655-min-600x654.jpg 600w\" sizes=\"(max-width: 2347px) 100vw, 2347px\" \/><\/a><\/figure><div class=\"elementor-image-box-content\"><h4 class=\"elementor-image-box-title\"><a href=\"https:\/\/marand.com.pe\/en\/2020\/10\/01\/smoothie-de-platano-quinua-y-cacao\/\">Cocoa Banana Quinoa Smoothie<\/a><\/h4><\/div><\/div>\t\t<\/div>\n\t\t\t\t<\/div>\n\t\t\t\t\t\t<\/div>\n\t\t\t\t\t<\/div>\n\t\t<\/div>\n\t\t\t\t<div class=\"elementor-column elementor-col-25 elementor-top-column elementor-element elementor-element-cb18a69\" data-id=\"cb18a69\" data-element_type=\"column\">\n\t\t\t<div class=\"elementor-column-wrap elementor-element-populated\">\n\t\t\t\t\t\t\t<div class=\"elementor-widget-wrap\">\n\t\t\t\t\t\t<div class=\"elementor-element elementor-element-c749921 elementor-position-top elementor-vertical-align-top elementor-invisible elementor-widget elementor-widget-image-box\" data-id=\"c749921\" data-element_type=\"widget\" data-settings=\"{&quot;_animation&quot;:&quot;fadeInDown&quot;}\" data-widget_type=\"image-box.default\">\n\t\t\t\t<div class=\"elementor-widget-container\">\n\t\t\t<div class=\"elementor-image-box-wrapper\"><figure class=\"elementor-image-box-img\"><a href=\"https:\/\/marand.com.pe\/en\/2020\/10\/02\/ensalada-de-quinua-y-palta\/\"><img width=\"2560\" height=\"2401\" src=\"https:\/\/marand.com.pe\/wp-content\/uploads\/2020\/10\/Ensalada-Quinua.jpg\" class=\"elementor-animation-shrink attachment-full size-full\" alt=\"\" loading=\"lazy\" srcset=\"https:\/\/marand.com.pe\/wp-content\/uploads\/2020\/10\/Ensalada-Quinua.jpg 2560w, https:\/\/marand.com.pe\/wp-content\/uploads\/2020\/10\/Ensalada-Quinua-300x281.jpg 300w, https:\/\/marand.com.pe\/wp-content\/uploads\/2020\/10\/Ensalada-Quinua-1024x960.jpg 1024w, https:\/\/marand.com.pe\/wp-content\/uploads\/2020\/10\/Ensalada-Quinua-768x720.jpg 768w, https:\/\/marand.com.pe\/wp-content\/uploads\/2020\/10\/Ensalada-Quinua-1536x1441.jpg 1536w, https:\/\/marand.com.pe\/wp-content\/uploads\/2020\/10\/Ensalada-Quinua-2048x1921.jpg 2048w, https:\/\/marand.com.pe\/wp-content\/uploads\/2020\/10\/Ensalada-Quinua-600x563.jpg 600w\" sizes=\"(max-width: 2560px) 100vw, 2560px\" \/><\/a><\/figure><div class=\"elementor-image-box-content\"><h4 class=\"elementor-image-box-title\"><a href=\"https:\/\/marand.com.pe\/en\/2020\/10\/02\/ensalada-de-quinua-y-palta\/\">Quinoa and Avocado Salad<\/a><\/h4><\/div><\/div>\t\t<\/div>\n\t\t\t\t<\/div>\n\t\t\t\t\t\t<\/div>\n\t\t\t\t\t<\/div>\n\t\t<\/div>\n\t\t\t\t\t\t\t\t<\/div>\n\t\t\t\t\t<\/div>\n\t\t<\/section>\n\t\t\t\t\t\t<\/div>\n\t\t\t\t\t\t<\/div>\n\t\t\t\t\t<\/div>","protected":false},"excerpt":{"rendered":"<p>Recetas Marand: Pud\u00edn de Ch\u00eda Panqueques de Quinua Smoothie de Pl\u00e1tano, Quinua y Cacao Ensalada de Quinua y Palta<\/p>","protected":false},"author":1,"featured_media":0,"parent":0,"menu_order":0,"comment_status":"closed","ping_status":"closed","template":"","meta":[],"_links":{"self":[{"href":"https:\/\/marand.com.pe\/en\/wp-json\/wp\/v2\/pages\/43"}],"collection":[{"href":"https:\/\/marand.com.pe\/en\/wp-json\/wp\/v2\/pages"}],"about":[{"href":"https:\/\/marand.com.pe\/en\/wp-json\/wp\/v2\/types\/page"}],"author":[{"embeddable":true,"href":"https:\/\/marand.com.pe\/en\/wp-json\/wp\/v2\/users\/1"}],"replies":[{"embeddable":true,"href":"https:\/\/marand.com.pe\/en\/wp-json\/wp\/v2\/comments?post=43"}],"version-history":[{"count":64,"href":"https:\/\/marand.com.pe\/en\/wp-json\/wp\/v2\/pages\/43\/revisions"}],"predecessor-version":[{"id":2391,"href":"https:\/\/marand.com.pe\/en\/wp-json\/wp\/v2\/pages\/43\/revisions\/2391"}],"wp:attachment":[{"href":"https:\/\/marand.com.pe\/en\/wp-json\/wp\/v2\/media?parent=43"}],"curies":[{"name":"wp","href":"https:\/\/api.w.org\/{rel}","templated":true}]}}